{"id":39,"date":"2023-09-24T05:51:11","date_gmt":"2023-09-24T05:51:11","guid":{"rendered":"https:\/\/themeholy.com\/wordpress\/artraz\/?page_id=39"},"modified":"2025-09-01T14:25:16","modified_gmt":"2025-09-01T11:25:16","slug":"service-details","status":"publish","type":"page","link":"https:\/\/hsptaivas.fi\/en\/service-details\/","title":{"rendered":"Service information"},"content":{"rendered":"<div data-elementor-type=\"wp-page\" data-elementor-id=\"39\" class=\"elementor elementor-39\">\n\t\t\t\t<div class=\"elementor-element elementor-element-20ef526 e-flex e-con-boxed e-con e-parent\" data-id=\"20ef526\" data-element_type=\"container\" data-settings=\"{&quot;background_background&quot;:&quot;classic&quot;}\">\n\t\t\t\t\t<div class=\"e-con-inner\">\n\t\t\t\t<div class=\"elementor-element elementor-element-4c55a1d elementor-widget elementor-widget-image\" data-id=\"4c55a1d\" data-element_type=\"widget\" data-widget_type=\"image.default\">\n\t\t\t\t<div class=\"elementor-widget-container\">\n\t\t\t<style>\/*! elementor - v3.21.0 - 08-05-2024 *\/\n.elementor-widget-image{text-align:center}.elementor-widget-image a{display:inline-block}.elementor-widget-image a img[src$=\".svg\"]{width:48px}.elementor-widget-image img{vertical-align:middle;display:inline-block}<\/style>\t\t\t\t\t\t\t\t\t\t<img fetchpriority=\"high\" decoding=\"async\" width=\"751\" height=\"395\" src=\"https:\/\/hsptaivas.fi\/wp-content\/uploads\/2024\/12\/best-moving-van-lines-1024x538.jpg\" class=\"attachment-large size-large wp-image-4119\" alt=\"\" srcset=\"https:\/\/hsptaivas.fi\/wp-content\/uploads\/2024\/12\/best-moving-van-lines-1024x538.jpg 1024w, https:\/\/hsptaivas.fi\/wp-content\/uploads\/2024\/12\/best-moving-van-lines-300x158.jpg 300w, https:\/\/hsptaivas.fi\/wp-content\/uploads\/2024\/12\/best-moving-van-lines-768x403.jpg 768w, https:\/\/hsptaivas.fi\/wp-content\/uploads\/2024\/12\/best-moving-van-lines-600x315.jpg 600w, https:\/\/hsptaivas.fi\/wp-content\/uploads\/2024\/12\/best-moving-van-lines.jpg 1200w\" sizes=\"(max-width: 751px) 100vw, 751px\" \/>\t\t\t\t\t\t\t\t\t\t\t\t\t<\/div>\n\t\t\t\t<\/div>\n\t\t\t\t<div class=\"elementor-element elementor-element-68832bc elementor-widget__width-initial elementor-widget elementor-widget-heading\" data-id=\"68832bc\" data-element_type=\"widget\" data-widget_type=\"heading.default\">\n\t\t\t\t<div class=\"elementor-widget-container\">\n\t\t\t<style>\/*! elementor - v3.21.0 - 08-05-2024 *\/\n.elementor-heading-title{padding:0;margin:0;line-height:1}.elementor-widget-heading .elementor-heading-title[class*=elementor-size-]>a{color:inherit;font-size:inherit;line-height:inherit}.elementor-widget-heading .elementor-heading-title.elementor-size-small{font-size:15px}.elementor-widget-heading .elementor-heading-title.elementor-size-medium{font-size:19px}.elementor-widget-heading .elementor-heading-title.elementor-size-large{font-size:29px}.elementor-widget-heading .elementor-heading-title.elementor-size-xl{font-size:39px}.elementor-widget-heading .elementor-heading-title.elementor-size-xxl{font-size:59px}<\/style><h2 class=\"elementor-heading-title elementor-size-default\"><h3 style=\"white-space-collapse: collapse;\">Removals and moving services<\/h3><div style=\"color: rgb(63, 63, 63); font-family: Poppins, sans-serif; font-size: 15px; white-space-collapse: collapse;\">Etsitk\u00f6 luotettavaa muuttopalvelua Helsingiss\u00e4, Suomessa? \n\nOlemme t\u00e4\u00e4ll\u00e4 tekem\u00e4ss\u00e4 muutostasi vaivatonta ja tehokasta! Olipa kyseess\u00e4 muutto uuteen kotiin tai toimistoon, ammattitaitoinen tiimimme huolehtii kaikesta huolella. Tarjoamme laadukkaita pakkauspalveluita, jotka suojaavat tavarasi muuton aikana, sek\u00e4 ymp\u00e4rist\u00f6yst\u00e4v\u00e4llisi\u00e4 kierr\u00e4tysvaihtoehtoja tarpeettomille tavaroille. \n\nTarvitsetko s\u00e4ilytystilaa? Autamme sinua l\u00f6yt\u00e4m\u00e4\u00e4n turvalliset ja edulliset s\u00e4ilytysratkaisut tarpeisiisi. Anna meid\u00e4n tehd\u00e4 muutostasi helppoa ja vaivatonta!\n\n\n\nTarvitsetko v\u00e4liaikaista s\u00e4ilytystilaa? Teemme yhteisty\u00f6t\u00e4 Trusted varastotilojen kanssa varmistaaksemme, ett\u00e4 tavarasi s\u00e4ilytet\u00e4\u00e4n turvallisesti. Anna meid\u00e4n huolehtia yksityiskohdista, jotta voit keskitty\u00e4 uuteen alkuun!\u200b<\/h2>\t\t<\/div>\n\t\t\t\t<\/div>\n\t\t\t\t\t<\/div>\n\t\t\t\t<\/div>\n\t\t<div class=\"elementor-element elementor-element-d8eed28 e-con-full e-flex e-con e-parent\" data-id=\"d8eed28\" data-element_type=\"container\" data-settings=\"{&quot;background_background&quot;:&quot;classic&quot;}\">\n\t\t\t\t<div class=\"elementor-element elementor-element-a9ba6e8 elementor-widget elementor-widget-image\" data-id=\"a9ba6e8\" data-element_type=\"widget\" data-widget_type=\"image.default\">\n\t\t\t\t<div class=\"elementor-widget-container\">\n\t\t\t\t\t\t\t\t\t\t\t\t\t<img decoding=\"async\" width=\"751\" height=\"501\" src=\"https:\/\/hsptaivas.fi\/wp-content\/uploads\/2025\/01\/professional-cleaning-service-person-using-vacuum-cleaner-office-1024x683.jpg\" class=\"attachment-large size-large wp-image-4347\" alt=\"\" srcset=\"https:\/\/hsptaivas.fi\/wp-content\/uploads\/2025\/01\/professional-cleaning-service-person-using-vacuum-cleaner-office-1024x683.jpg 1024w, https:\/\/hsptaivas.fi\/wp-content\/uploads\/2025\/01\/professional-cleaning-service-person-using-vacuum-cleaner-office-300x200.jpg 300w, https:\/\/hsptaivas.fi\/wp-content\/uploads\/2025\/01\/professional-cleaning-service-person-using-vacuum-cleaner-office-768x512.jpg 768w, https:\/\/hsptaivas.fi\/wp-content\/uploads\/2025\/01\/professional-cleaning-service-person-using-vacuum-cleaner-office-1536x1024.jpg 1536w, https:\/\/hsptaivas.fi\/wp-content\/uploads\/2025\/01\/professional-cleaning-service-person-using-vacuum-cleaner-office-2048x1365.jpg 2048w, https:\/\/hsptaivas.fi\/wp-content\/uploads\/2025\/01\/professional-cleaning-service-person-using-vacuum-cleaner-office-18x12.jpg 18w, https:\/\/hsptaivas.fi\/wp-content\/uploads\/2025\/01\/professional-cleaning-service-person-using-vacuum-cleaner-office-600x400.jpg 600w\" sizes=\"(max-width: 751px) 100vw, 751px\" \/>\t\t\t\t\t\t\t\t\t\t\t\t\t<\/div>\n\t\t\t\t<\/div>\n\t\t\t\t<div class=\"elementor-element elementor-element-f452bac elementor-widget__width-initial elementor-widget elementor-widget-heading\" data-id=\"f452bac\" data-element_type=\"widget\" data-widget_type=\"heading.default\">\n\t\t\t\t<div class=\"elementor-widget-container\">\n\t\t\t<h2 class=\"elementor-heading-title elementor-size-default\"><h3 style=\"white-space-collapse: collapse;\">Cleaning services<\/h3><div style=\"color: rgb(63, 63, 63); font-family: Poppins, sans-serif; font-size: 15px; white-space-collapse: collapse;\">Looking for professional cleaning services in Helsinki, Finland? We provide top-notch cleaning solutions for houses, restaurants, offices, and more. Our experienced team ensures every corner is spotless, leaving your space fresh and inviting. Whether you need regular cleaning, deep cleaning, or one-time services, we tailor our solutions to fit your schedule and needs. We use eco-friendly cleaning products to ensure safety for your family, employees, and the environment. Trust us to keep your space sparkling clean while you focus on what matters most!&nbsp;<\/div><div style=\"color: rgb(63, 63, 63); font-family: Poppins, sans-serif; font-size: 15px; white-space-collapse: collapse;\">K\u00e4yt\u00e4mme ymp\u00e4rist\u00f6yst\u00e4v\u00e4llisi\u00e4 siivoustuotteita varmistaaksemme turvallisuuden perheellesi, ty\u00f6ntekij\u00f6illesi ja ymp\u00e4rist\u00f6lle. Luota meihin, niin pid\u00e4mme tilasi hohtavan puhtaana, jotta voit keskitty\u00e4 t\u00e4rkeimp\u00e4\u00e4n!<\/div><\/h2>\t\t<\/div>\n\t\t\t\t<\/div>\n\t\t\t\t<\/div>\n\t\t\t\t<\/div>","protected":false},"excerpt":{"rendered":"<p>Muutot ja muuttopalvelut Etsitk\u00f6 luotettavaa muuttopalvelua Helsingiss\u00e4, Suomessa? Olemme t\u00e4\u00e4ll\u00e4 tekem\u00e4ss\u00e4 muutostasi vaivatonta ja tehokasta! Olipa kyseess\u00e4 muutto uuteen kotiin tai toimistoon, ammattitaitoinen tiimimme huolehtii kaikesta huolella. Tarjoamme laadukkaita pakkauspalveluita, jotka suojaavat tavarasi muuton aikana, sek\u00e4 ymp\u00e4rist\u00f6yst\u00e4v\u00e4llisi\u00e4 kierr\u00e4tysvaihtoehtoja tarpeettomille tavaroille. Tarvitsetko s\u00e4ilytystilaa? Autamme sinua l\u00f6yt\u00e4m\u00e4\u00e4n turvalliset ja edulliset s\u00e4ilytysratkaisut tarpeisiisi. Anna meid\u00e4n tehd\u00e4 muutostasi helppoa&#8230;<\/p>","protected":false},"author":1,"featured_media":0,"parent":0,"menu_order":0,"comment_status":"closed","ping_status":"closed","template":"template-builder.php","meta":{"footnotes":""},"class_list":["post-39","page","type-page","status-publish","hentry"],"_links":{"self":[{"href":"https:\/\/hsptaivas.fi\/en\/wp-json\/wp\/v2\/pages\/39","targetHints":{"allow":["GET"]}}],"collection":[{"href":"https:\/\/hsptaivas.fi\/en\/wp-json\/wp\/v2\/pages"}],"about":[{"href":"https:\/\/hsptaivas.fi\/en\/wp-json\/wp\/v2\/types\/page"}],"author":[{"embeddable":true,"href":"https:\/\/hsptaivas.fi\/en\/wp-json\/wp\/v2\/users\/1"}],"replies":[{"embeddable":true,"href":"https:\/\/hsptaivas.fi\/en\/wp-json\/wp\/v2\/comments?post=39"}],"version-history":[{"count":69,"href":"https:\/\/hsptaivas.fi\/en\/wp-json\/wp\/v2\/pages\/39\/revisions"}],"predecessor-version":[{"id":4545,"href":"https:\/\/hsptaivas.fi\/en\/wp-json\/wp\/v2\/pages\/39\/revisions\/4545"}],"wp:attachment":[{"href":"https:\/\/hsptaivas.fi\/en\/wp-json\/wp\/v2\/media?parent=39"}],"curies":[{"name":"wp","href":"https:\/\/api.w.org\/{rel}","templated":true}]}}