{"id":38,"date":"2023-09-24T05:51:03","date_gmt":"2023-09-24T05:51:03","guid":{"rendered":"https:\/\/themeholy.com\/wordpress\/artraz\/?page_id=38"},"modified":"2025-09-01T14:26:56","modified_gmt":"2025-09-01T11:26:56","slug":"services","status":"publish","type":"page","link":"https:\/\/hsptaivas.fi\/en\/services\/","title":{"rendered":"Services"},"content":{"rendered":"<div data-elementor-type=\"wp-page\" data-elementor-id=\"38\" class=\"elementor elementor-38\">\n\t\t\t\t<div class=\"elementor-element elementor-element-06d82cf animated-slow e-flex e-con-boxed elementor-invisible e-con e-parent\" data-id=\"06d82cf\" data-element_type=\"container\" data-settings=\"{&quot;animation&quot;:&quot;slideInUp&quot;}\">\n\t\t\t\t\t<div class=\"e-con-inner\">\n\t\t\t\t<div class=\"elementor-element elementor-element-c59d06b elementor-widget elementor-widget-artrazservice\" data-id=\"c59d06b\" data-element_type=\"widget\" data-widget_type=\"artrazservice.default\">\n\t\t\t\t<div class=\"elementor-widget-container\">\n\t\t\t\n        \t\t\t\t\t\t\t<div class=\"row gy-4\">\n\t\t\t\t\t\t\t\t\t\t\t<div class=\"col-md-6 col-lg-4\">\n\t\t\t\t\t<div class=\"service-card\">\n\t\t\t\t\t\t<div class=\"service-card_icon\">\n\t\t\t\t\t\t\t<img decoding=\"async\" src=\"https:\/\/hsptaivas.fi\/wp-content\/uploads\/2025\/09\/WhatsApp-Image-2025-09-01-at-11.52.05-2.jpeg\" alt=\"WhatsApp Image 2025 09 01 at 11.52.05 2\"  class=\"svg-img\" \/>\t\t\t\t\t\t<\/div>\n\t\t\t\t\t\t\t\t\t\t\t\t\t<p class=\"service-card_num\">01<\/p>\n\t\t\t\t\t\t\t\t\t\t\t\t<h3 class=\"service-card_title\">Removals and moving services<\/h3>\n\t\t\t\t\t\t<p class=\"service-card_text\">Etsitk\u00f6 luotettavaa muuttopalvelua Helsingiss\u00e4, Suomessa? Olemme t\u00e4\u00e4ll\u00e4 tekem\u00e4ss\u00e4 muutostasi vaivatonta ja tehokasta! Olipa kyseess\u00e4 muutto uuteen kotiin tai toimistoon, ammattitaitoinen tiimimme huolehtii kaikesta huolella.<\/p>\n\t\t\t\t\t<\/div>\n\t\t\t\t<\/div>\n\t\t\t\t\t\t\t\t<div class=\"col-md-6 col-lg-4\">\n\t\t\t\t\t<div class=\"service-card\">\n\t\t\t\t\t\t<div class=\"service-card_icon\">\n\t\t\t\t\t\t\t<img decoding=\"async\" src=\"https:\/\/hsptaivas.fi\/wp-content\/uploads\/2025\/09\/WhatsApp-Image-2025-09-01-at-11.52.05-1.jpeg\" alt=\"WhatsApp Image 2025 09 01 at 11.52.05 1\"  class=\"svg-img\" \/>\t\t\t\t\t\t<\/div>\n\t\t\t\t\t\t\t\t\t\t\t\t\t<p class=\"service-card_num\">02<\/p>\n\t\t\t\t\t\t\t\t\t\t\t\t<h3 class=\"service-card_title\">Cleaning services<\/h3>\n\t\t\t\t\t\t<p class=\"service-card_text\">Looking for professional cleaning services in Helsinki, Finland? We provide top-notch cleaning solutions for houses, restaurants, offices, and more. Our experienced team ensures every corner is spotless, leaving your space fresh and inviting. Whether you need regular cleaning, deep cleaning, or one-time services, we tailor our solutions to fit your schedule and needs. We use eco-friendly cleaning products to ensure safety for your family, employees, and the environment. Trust us to keep your space sparkling clean while you focus on what matters most!<\/p>\n\t\t\t\t\t<\/div>\n\t\t\t\t<\/div>\n\t\t\t\t\t\t\t<\/div>\n\n      \t\t<\/div>\n\t\t\t\t<\/div>\n\t\t\t\t\t<\/div>\n\t\t\t\t<\/div>\n\t\t\t\t<\/div>","protected":false},"excerpt":{"rendered":"<p>01 Muutot ja muuttopalvelut Etsitk\u00f6 luotettavaa muuttopalvelua Helsingiss\u00e4, Suomessa? Olemme t\u00e4\u00e4ll\u00e4 tekem\u00e4ss\u00e4 muutostasi vaivatonta ja tehokasta! Olipa kyseess\u00e4 muutto uuteen kotiin tai toimistoon, ammattitaitoinen tiimimme huolehtii kaikesta huolella. 02 siivouspalvelut Etsitk\u00f6 ammattimaisia siivouspalveluita Helsingiss\u00e4, Suomessa? Tarjoamme huippuluokan siivousratkaisuja koteihin, ravintoloihin, toimistoihin ja muihin tiloihin. Kokeneet tiimimme huolehtivat siit\u00e4, ett\u00e4 jokainen nurkka on tahraton, j\u00e4tt\u00e4en tilasi&#8230;<\/p>","protected":false},"author":1,"featured_media":0,"parent":0,"menu_order":0,"comment_status":"closed","ping_status":"closed","template":"template-builder.php","meta":{"footnotes":""},"class_list":["post-38","page","type-page","status-publish","hentry"],"_links":{"self":[{"href":"https:\/\/hsptaivas.fi\/en\/wp-json\/wp\/v2\/pages\/38","targetHints":{"allow":["GET"]}}],"collection":[{"href":"https:\/\/hsptaivas.fi\/en\/wp-json\/wp\/v2\/pages"}],"about":[{"href":"https:\/\/hsptaivas.fi\/en\/wp-json\/wp\/v2\/types\/page"}],"author":[{"embeddable":true,"href":"https:\/\/hsptaivas.fi\/en\/wp-json\/wp\/v2\/users\/1"}],"replies":[{"embeddable":true,"href":"https:\/\/hsptaivas.fi\/en\/wp-json\/wp\/v2\/comments?post=38"}],"version-history":[{"count":22,"href":"https:\/\/hsptaivas.fi\/en\/wp-json\/wp\/v2\/pages\/38\/revisions"}],"predecessor-version":[{"id":4548,"href":"https:\/\/hsptaivas.fi\/en\/wp-json\/wp\/v2\/pages\/38\/revisions\/4548"}],"wp:attachment":[{"href":"https:\/\/hsptaivas.fi\/en\/wp-json\/wp\/v2\/media?parent=38"}],"curies":[{"name":"wp","href":"https:\/\/api.w.org\/{rel}","templated":true}]}}